{"id":70,"date":"2026-02-02T09:13:22","date_gmt":"2026-02-02T09:13:22","guid":{"rendered":"https:\/\/davidli.info\/?page_id=70"},"modified":"2026-02-17T18:36:19","modified_gmt":"2026-02-17T18:36:19","slug":"cover-letter","status":"publish","type":"page","link":"https:\/\/davidli.info\/?page_id=70","title":{"rendered":"Cover Letter"},"content":{"rendered":"\t\t<div data-elementor-type=\"wp-page\" data-elementor-id=\"70\" class=\"elementor elementor-70\" data-elementor-post-type=\"page\">\n\t\t\t\t<div class=\"elementor-element elementor-element-3562e8bf e-flex e-con-boxed e-con e-parent\" data-id=\"3562e8bf\" data-element_type=\"container\">\n\t\t\t\t\t<div class=\"e-con-inner\">\n\t\t<div class=\"elementor-element elementor-element-3ed76393 e-con-full e-flex e-con e-child\" data-id=\"3ed76393\" data-element_type=\"container\" data-settings=\"{&quot;sticky&quot;:&quot;top&quot;,&quot;sticky_on&quot;:[&quot;mobile&quot;],&quot;sticky_offset_mobile&quot;:100,&quot;sticky_parent&quot;:&quot;yes&quot;,&quot;sticky_offset&quot;:0,&quot;sticky_effects_offset&quot;:0,&quot;sticky_anchor_link_offset&quot;:0}\">\n\t\t\t\t<div class=\"elementor-element elementor-element-504fab79 elementor-align-center elementor-tablet-align-start elementor-icon-list--layout-traditional elementor-list-item-link-full_width elementor-invisible elementor-widget elementor-widget-icon-list\" data-id=\"504fab79\" data-element_type=\"widget\" data-settings=\"{&quot;sticky&quot;:&quot;top&quot;,&quot;sticky_on&quot;:[&quot;mobile&quot;],&quot;_animation&quot;:&quot;fadeIn&quot;,&quot;_animation_delay&quot;:&quot;2000&quot;,&quot;sticky_offset_mobile&quot;:200,&quot;sticky_effects_offset_mobile&quot;:0,&quot;sticky_parent&quot;:&quot;yes&quot;,&quot;sticky_offset&quot;:0,&quot;sticky_effects_offset&quot;:0,&quot;sticky_anchor_link_offset&quot;:0}\" data-widget_type=\"icon-list.default\">\n\t\t\t\t\t\t\t<ul class=\"elementor-icon-list-items\">\n\t\t\t\t\t\t\t<li class=\"elementor-icon-list-item\">\n\t\t\t\t\t\t\t\t\t\t\t<a href=\"https:\/\/github.com\/chikoushi123?tab=repositories\">\n\n\t\t\t\t\t\t\t\t\t\t\t\t<span class=\"elementor-icon-list-icon\">\n\t\t\t\t\t\t\t<svg aria-hidden=\"true\" class=\"e-font-icon-svg e-fab-github\" viewBox=\"0 0 496 512\" xmlns=\"http:\/\/www.w3.org\/2000\/svg\"><path d=\"M165.9 397.4c0 2-2.3 3.6-5.2 3.6-3.3.3-5.6-1.3-5.6-3.6 0-2 2.3-3.6 5.2-3.6 3-.3 5.6 1.3 5.6 3.6zm-31.1-4.5c-.7 2 1.3 4.3 4.3 4.9 2.6 1 5.6 0 6.2-2s-1.3-4.3-4.3-5.2c-2.6-.7-5.5.3-6.2 2.3zm44.2-1.7c-2.9.7-4.9 2.6-4.6 4.9.3 2 2.9 3.3 5.9 2.6 2.9-.7 4.9-2.6 4.6-4.6-.3-1.9-3-3.2-5.9-2.9zM244.8 8C106.1 8 0 113.3 0 252c0 110.9 69.8 205.8 169.5 239.2 12.8 2.3 17.3-5.6 17.3-12.1 0-6.2-.3-40.4-.3-61.4 0 0-70 15-84.7-29.8 0 0-11.4-29.1-27.8-36.6 0 0-22.9-15.7 1.6-15.4 0 0 24.9 2 38.6 25.8 21.9 38.6 58.6 27.5 72.9 20.9 2.3-16 8.8-27.1 16-33.7-55.9-6.2-112.3-14.3-112.3-110.5 0-27.5 7.6-41.3 23.6-58.9-2.6-6.5-11.1-33.3 2.6-67.9 20.9-6.5 69 27 69 27 20-5.6 41.5-8.5 62.8-8.5s42.8 2.9 62.8 8.5c0 0 48.1-33.6 69-27 13.7 34.7 5.2 61.4 2.6 67.9 16 17.7 25.8 31.5 25.8 58.9 0 96.5-58.9 104.2-114.8 110.5 9.2 7.9 17 22.9 17 46.4 0 33.7-.3 75.4-.3 83.6 0 6.5 4.6 14.4 17.3 12.1C428.2 457.8 496 362.9 496 252 496 113.3 383.5 8 244.8 8zM97.2 352.9c-1.3 1-1 3.3.7 5.2 1.6 1.6 3.9 2.3 5.2 1 1.3-1 1-3.3-.7-5.2-1.6-1.6-3.9-2.3-5.2-1zm-10.8-8.1c-.7 1.3.3 2.9 2.3 3.9 1.6 1 3.6.7 4.3-.7.7-1.3-.3-2.9-2.3-3.9-2-.6-3.6-.3-4.3.7zm32.4 35.6c-1.6 1.3-1 4.3 1.3 6.2 2.3 2.3 5.2 2.6 6.5 1 1.3-1.3.7-4.3-1.3-6.2-2.2-2.3-5.2-2.6-6.5-1zm-11.4-14.7c-1.6 1-1.6 3.6 0 5.9 1.6 2.3 4.3 3.3 5.6 2.3 1.6-1.3 1.6-3.9 0-6.2-1.4-2.3-4-3.3-5.6-2z\"><\/path><\/svg>\t\t\t\t\t\t<\/span>\n\t\t\t\t\t\t\t\t\t\t<span class=\"elementor-icon-list-text\"><\/span>\n\t\t\t\t\t\t\t\t\t\t\t<\/a>\n\t\t\t\t\t\t\t\t\t<\/li>\n\t\t\t\t\t\t<\/ul>\n\t\t\t\t\t\t<\/div>\n\t\t\t\t<\/div>\n\t\t<div class=\"elementor-element elementor-element-1613baa4 e-con-full e-flex e-con e-child\" data-id=\"1613baa4\" data-element_type=\"container\">\n\t\t<div class=\"elementor-element elementor-element-2cd1a03d e-con-full e-flex e-con e-child\" data-id=\"2cd1a03d\" data-element_type=\"container\">\n\t\t\t\t<div class=\"elementor-element elementor-element-47906148 elementor-widget elementor-widget-heading\" data-id=\"47906148\" data-element_type=\"widget\" data-widget_type=\"heading.default\">\n\t\t\t\t\t<h4 class=\"elementor-heading-title elementor-size-default\">(07)<\/h4>\t\t\t\t<\/div>\n\t\t\t\t<div class=\"elementor-element elementor-element-12a281a elementor-widget elementor-widget-heading\" data-id=\"12a281a\" data-element_type=\"widget\" data-widget_type=\"heading.default\">\n\t\t\t\t\t<h1 class=\"elementor-heading-title elementor-size-default\">Cover Letter<\/h1>\t\t\t\t<\/div>\n\t\t\t\t<div class=\"elementor-element elementor-element-3ce4b690 elementor-widget-divider--view-line elementor-widget elementor-widget-divider\" data-id=\"3ce4b690\" data-element_type=\"widget\" data-widget_type=\"divider.default\">\n\t\t\t\t\t\t\t<div class=\"elementor-divider\">\n\t\t\t<span class=\"elementor-divider-separator\">\n\t\t\t\t\t\t<\/span>\n\t\t<\/div>\n\t\t\t\t\t\t<\/div>\n\t\t\t\t<\/div>\n\t\t<div class=\"elementor-element elementor-element-45bae1cb e-con-full e-flex e-con e-child\" data-id=\"45bae1cb\" data-element_type=\"container\">\n\t\t\t\t<div class=\"elementor-element elementor-element-1be2315e elementor-widget elementor-widget-text-editor\" data-id=\"1be2315e\" data-element_type=\"widget\" data-widget_type=\"text-editor.default\">\n\t\t\t\t\t\t\t\t\t<p data-start=\"231\" data-end=\"261\">Sehr geehrte Damen und Herren,<\/p><p data-start=\"263\" data-end=\"496\">derzeit befinde ich mich im zweiten Jahr meiner dreij\u00e4hrigen Ausbildung zum staatlich gepr\u00fcften Informatiker mit dem Schwerpunkt Multimedia am Heinrich-Hertz-Europakolleg in Bonn und bewerbe mich hiermit um einen dualen Studienplatz.<\/p><p data-start=\"498\" data-end=\"913\">Meine Leidenschaft f\u00fcr Spieleentwicklung und Softwaredesign habe ich sowohl im Unterricht als auch durch eigenst\u00e4ndige Projekte weiterentwickelt. Dabei konnte ich praktische Erfahrungen mit Unity und C# sammeln und mehrere kleinere Projekte selbstst\u00e4ndig umsetzen. Zus\u00e4tzlich verf\u00fcge ich \u00fcber Grundkenntnisse in Python, im Datenbankmanagement sowie in der Arbeit mit Blender und Programmen der Adobe Creative Suite.<\/p><p data-start=\"915\" data-end=\"1245\">Durch meine Ausbildung und meine Projekte habe ich gelernt, technische Inhalte strukturiert umzusetzen und kreative L\u00f6sungen zu entwickeln. Besonders wichtig ist mir die Verbindung von Theorie und Praxis, weshalb ich mich f\u00fcr ein duales Studium entschieden habe, um meine fachlichen und pers\u00f6nlichen Kompetenzen weiter auszubauen.<\/p><p data-start=\"1247\" data-end=\"1446\">Gerne w\u00fcrde ich meine bisherigen Kenntnisse vertiefen und mich im Rahmen eines dualen Studiums kontinuierlich weiterentwickeln. \u00dcber eine Einladung zu einem pers\u00f6nlichen Gespr\u00e4ch freue ich mich sehr.<\/p><p data-start=\"1448\" data-end=\"1482\">Mit freundlichen Gr\u00fc\u00dfen<br data-start=\"1471\" data-end=\"1474\" \/><br \/><\/p>\t\t\t\t\t\t\t\t<\/div>\n\t\t\t\t<div class=\"elementor-element elementor-element-5baed988 elementor-widget-divider--view-line elementor-widget elementor-widget-divider\" data-id=\"5baed988\" data-element_type=\"widget\" data-widget_type=\"divider.default\">\n\t\t\t\t\t\t\t<div class=\"elementor-divider\">\n\t\t\t<span class=\"elementor-divider-separator\">\n\t\t\t\t\t\t<\/span>\n\t\t<\/div>\n\t\t\t\t\t\t<\/div>\n\t\t\t\t<div class=\"elementor-element elementor-element-73f70ff elementor-widget elementor-widget-heading\" data-id=\"73f70ff\" data-element_type=\"widget\" data-widget_type=\"heading.default\">\n\t\t\t\t\t<h5 class=\"elementor-heading-title elementor-size-default\">David Li<\/h5>\t\t\t\t<\/div>\n\t\t\t\t<\/div>\n\t\t\t\t<\/div>\n\t\t<div class=\"elementor-element elementor-element-41a86134 e-con-full e-flex e-con e-child\" data-id=\"41a86134\" data-element_type=\"container\">\n\t\t\t\t<div class=\"elementor-element elementor-element-4af86a7a elementor-view-framed elementor-widget__width-auto elementor-shape-circle elementor-position-block-start elementor-mobile-position-block-start elementor-invisible elementor-widget elementor-widget-icon-box\" data-id=\"4af86a7a\" data-element_type=\"widget\" data-settings=\"{&quot;_animation&quot;:&quot;fadeIn&quot;,&quot;_animation_delay&quot;:&quot;2000&quot;}\" data-widget_type=\"icon-box.default\">\n\t\t\t\t\t\t\t<div class=\"elementor-icon-box-wrapper\">\n\n\t\t\t\t\t\t<div class=\"elementor-icon-box-icon\">\n\t\t\t\t<a href=\"https:\/\/davidli.info\/?page_id=66\" class=\"elementor-icon\" tabindex=\"-1\">\n\t\t\t\t<svg aria-hidden=\"true\" class=\"e-font-icon-svg e-fas-angle-right\" viewBox=\"0 0 256 512\" xmlns=\"http:\/\/www.w3.org\/2000\/svg\"><path d=\"M224.3 273l-136 136c-9.4 9.4-24.6 9.4-33.9 0l-22.6-22.6c-9.4-9.4-9.4-24.6 0-33.9l96.4-96.4-96.4-96.4c-9.4-9.4-9.4-24.6 0-33.9L54.3 103c9.4-9.4 24.6-9.4 33.9 0l136 136c9.5 9.4 9.5 24.6.1 34z\"><\/path><\/svg>\t\t\t\t<\/a>\n\t\t\t<\/div>\n\t\t\t\n\t\t\t\n\t\t<\/div>\n\t\t\t\t\t\t<\/div>\n\t\t\t\t<\/div>\n\t\t\t\t\t<\/div>\n\t\t\t\t<\/div>\n\t\t\t\t<\/div>\n\t\t","protected":false},"excerpt":{"rendered":"<p>(07) Cover Letter Sehr geehrte Damen und Herren, derzeit befinde ich mich im zweiten Jahr meiner dreij\u00e4hrigen Ausbildung zum staatlich gepr\u00fcften Informatiker mit dem Schwerpunkt Multimedia am Heinrich-Hertz-Europakolleg in Bonn und bewerbe mich hiermit um einen dualen Studienplatz. Meine Leidenschaft f\u00fcr Spieleentwicklung und Softwaredesign habe ich sowohl im Unterricht als auch durch eigenst\u00e4ndige Projekte weiterentwickelt&#8230;.<\/p>\n","protected":false},"author":1,"featured_media":73,"parent":0,"menu_order":0,"comment_status":"closed","ping_status":"closed","template":"elementor_header_footer","meta":{"_kad_post_transparent":"","_kad_post_title":"","_kad_post_layout":"","_kad_post_sidebar_id":"","_kad_post_content_style":"","_kad_post_vertical_padding":"","_kad_post_feature":"","_kad_post_feature_position":"","_kad_post_header":false,"_kad_post_footer":false,"_kad_post_classname":"","footnotes":""},"class_list":["post-70","page","type-page","status-publish","has-post-thumbnail","hentry"],"_links":{"self":[{"href":"https:\/\/davidli.info\/index.php?rest_route=\/wp\/v2\/pages\/70","targetHints":{"allow":["GET"]}}],"collection":[{"href":"https:\/\/davidli.info\/index.php?rest_route=\/wp\/v2\/pages"}],"about":[{"href":"https:\/\/davidli.info\/index.php?rest_route=\/wp\/v2\/types\/page"}],"author":[{"embeddable":true,"href":"https:\/\/davidli.info\/index.php?rest_route=\/wp\/v2\/users\/1"}],"replies":[{"embeddable":true,"href":"https:\/\/davidli.info\/index.php?rest_route=%2Fwp%2Fv2%2Fcomments&post=70"}],"version-history":[{"count":16,"href":"https:\/\/davidli.info\/index.php?rest_route=\/wp\/v2\/pages\/70\/revisions"}],"predecessor-version":[{"id":592,"href":"https:\/\/davidli.info\/index.php?rest_route=\/wp\/v2\/pages\/70\/revisions\/592"}],"wp:featuredmedia":[{"embeddable":true,"href":"https:\/\/davidli.info\/index.php?rest_route=\/wp\/v2\/media\/73"}],"wp:attachment":[{"href":"https:\/\/davidli.info\/index.php?rest_route=%2Fwp%2Fv2%2Fmedia&parent=70"}],"curies":[{"name":"wp","href":"https:\/\/api.w.org\/{rel}","templated":true}]}}