{"id":86,"date":"2026-02-02T09:13:28","date_gmt":"2026-02-02T09:13:28","guid":{"rendered":"https:\/\/davidli.info\/?page_id=86"},"modified":"2026-02-17T18:35:26","modified_gmt":"2026-02-17T18:35:26","slug":"skills","status":"publish","type":"page","link":"https:\/\/davidli.info\/?page_id=86","title":{"rendered":"Skills"},"content":{"rendered":"\t\t<div data-elementor-type=\"wp-page\" data-elementor-id=\"86\" class=\"elementor elementor-86\" data-elementor-post-type=\"page\">\n\t\t\t\t<div class=\"elementor-element elementor-element-3ee31cc e-flex e-con-boxed e-con e-parent\" data-id=\"3ee31cc\" data-element_type=\"container\">\n\t\t\t\t\t<div class=\"e-con-inner\">\n\t\t<div class=\"elementor-element elementor-element-159382a8 e-con-full e-flex e-con e-child\" data-id=\"159382a8\" data-element_type=\"container\" data-settings=\"{&quot;sticky&quot;:&quot;top&quot;,&quot;sticky_on&quot;:[&quot;mobile&quot;],&quot;sticky_offset_mobile&quot;:100,&quot;sticky_parent&quot;:&quot;yes&quot;,&quot;sticky_offset&quot;:0,&quot;sticky_effects_offset&quot;:0,&quot;sticky_anchor_link_offset&quot;:0}\">\n\t\t\t\t<div class=\"elementor-element elementor-element-d9242e6 elementor-align-center elementor-tablet-align-start elementor-icon-list--layout-traditional elementor-list-item-link-full_width elementor-invisible elementor-widget elementor-widget-icon-list\" data-id=\"d9242e6\" data-element_type=\"widget\" data-settings=\"{&quot;sticky&quot;:&quot;top&quot;,&quot;sticky_on&quot;:[&quot;mobile&quot;],&quot;_animation&quot;:&quot;fadeIn&quot;,&quot;_animation_delay&quot;:&quot;2000&quot;,&quot;sticky_offset_mobile&quot;:200,&quot;sticky_effects_offset_mobile&quot;:0,&quot;sticky_parent&quot;:&quot;yes&quot;,&quot;sticky_offset&quot;:0,&quot;sticky_effects_offset&quot;:0,&quot;sticky_anchor_link_offset&quot;:0}\" data-widget_type=\"icon-list.default\">\n\t\t\t\t\t\t\t<ul class=\"elementor-icon-list-items\">\n\t\t\t\t\t\t\t<li class=\"elementor-icon-list-item\">\n\t\t\t\t\t\t\t\t\t\t\t<a href=\"https:\/\/github.com\/chikoushi123?tab=repositories\">\n\n\t\t\t\t\t\t\t\t\t\t\t\t<span class=\"elementor-icon-list-icon\">\n\t\t\t\t\t\t\t<svg aria-hidden=\"true\" class=\"e-font-icon-svg e-fab-github\" viewBox=\"0 0 496 512\" xmlns=\"http:\/\/www.w3.org\/2000\/svg\"><path d=\"M165.9 397.4c0 2-2.3 3.6-5.2 3.6-3.3.3-5.6-1.3-5.6-3.6 0-2 2.3-3.6 5.2-3.6 3-.3 5.6 1.3 5.6 3.6zm-31.1-4.5c-.7 2 1.3 4.3 4.3 4.9 2.6 1 5.6 0 6.2-2s-1.3-4.3-4.3-5.2c-2.6-.7-5.5.3-6.2 2.3zm44.2-1.7c-2.9.7-4.9 2.6-4.6 4.9.3 2 2.9 3.3 5.9 2.6 2.9-.7 4.9-2.6 4.6-4.6-.3-1.9-3-3.2-5.9-2.9zM244.8 8C106.1 8 0 113.3 0 252c0 110.9 69.8 205.8 169.5 239.2 12.8 2.3 17.3-5.6 17.3-12.1 0-6.2-.3-40.4-.3-61.4 0 0-70 15-84.7-29.8 0 0-11.4-29.1-27.8-36.6 0 0-22.9-15.7 1.6-15.4 0 0 24.9 2 38.6 25.8 21.9 38.6 58.6 27.5 72.9 20.9 2.3-16 8.8-27.1 16-33.7-55.9-6.2-112.3-14.3-112.3-110.5 0-27.5 7.6-41.3 23.6-58.9-2.6-6.5-11.1-33.3 2.6-67.9 20.9-6.5 69 27 69 27 20-5.6 41.5-8.5 62.8-8.5s42.8 2.9 62.8 8.5c0 0 48.1-33.6 69-27 13.7 34.7 5.2 61.4 2.6 67.9 16 17.7 25.8 31.5 25.8 58.9 0 96.5-58.9 104.2-114.8 110.5 9.2 7.9 17 22.9 17 46.4 0 33.7-.3 75.4-.3 83.6 0 6.5 4.6 14.4 17.3 12.1C428.2 457.8 496 362.9 496 252 496 113.3 383.5 8 244.8 8zM97.2 352.9c-1.3 1-1 3.3.7 5.2 1.6 1.6 3.9 2.3 5.2 1 1.3-1 1-3.3-.7-5.2-1.6-1.6-3.9-2.3-5.2-1zm-10.8-8.1c-.7 1.3.3 2.9 2.3 3.9 1.6 1 3.6.7 4.3-.7.7-1.3-.3-2.9-2.3-3.9-2-.6-3.6-.3-4.3.7zm32.4 35.6c-1.6 1.3-1 4.3 1.3 6.2 2.3 2.3 5.2 2.6 6.5 1 1.3-1.3.7-4.3-1.3-6.2-2.2-2.3-5.2-2.6-6.5-1zm-11.4-14.7c-1.6 1-1.6 3.6 0 5.9 1.6 2.3 4.3 3.3 5.6 2.3 1.6-1.3 1.6-3.9 0-6.2-1.4-2.3-4-3.3-5.6-2z\"><\/path><\/svg>\t\t\t\t\t\t<\/span>\n\t\t\t\t\t\t\t\t\t\t<span class=\"elementor-icon-list-text\"><\/span>\n\t\t\t\t\t\t\t\t\t\t\t<\/a>\n\t\t\t\t\t\t\t\t\t<\/li>\n\t\t\t\t\t\t<\/ul>\n\t\t\t\t\t\t<\/div>\n\t\t\t\t<\/div>\n\t\t<div class=\"elementor-element elementor-element-45ce415a e-con-full e-flex e-con e-child\" data-id=\"45ce415a\" data-element_type=\"container\">\n\t\t<div class=\"elementor-element elementor-element-2027b7b1 e-con-full e-flex e-con e-child\" data-id=\"2027b7b1\" data-element_type=\"container\">\n\t\t\t\t<div class=\"elementor-element elementor-element-1a508d56 elementor-widget elementor-widget-heading\" data-id=\"1a508d56\" data-element_type=\"widget\" data-widget_type=\"heading.default\">\n\t\t\t\t\t<h4 class=\"elementor-heading-title elementor-size-default\">(05)<\/h4>\t\t\t\t<\/div>\n\t\t\t\t<div class=\"elementor-element elementor-element-349ccf9a elementor-widget elementor-widget-heading\" data-id=\"349ccf9a\" data-element_type=\"widget\" data-widget_type=\"heading.default\">\n\t\t\t\t\t<h1 class=\"elementor-heading-title elementor-size-default\">Skills<\/h1>\t\t\t\t<\/div>\n\t\t\t\t<div class=\"elementor-element elementor-element-1bb423e3 elementor-widget-divider--view-line elementor-widget elementor-widget-divider\" data-id=\"1bb423e3\" data-element_type=\"widget\" data-widget_type=\"divider.default\">\n\t\t\t\t\t\t\t<div class=\"elementor-divider\">\n\t\t\t<span class=\"elementor-divider-separator\">\n\t\t\t\t\t\t<\/span>\n\t\t<\/div>\n\t\t\t\t\t\t<\/div>\n\t\t\t\t<div class=\"elementor-element elementor-element-17bcb038 elementor-widget elementor-widget-text-editor\" data-id=\"17bcb038\" data-element_type=\"widget\" data-widget_type=\"text-editor.default\">\n\t\t\t\t\t\t\t\t\t<p>Ich verf\u00fcge \u00fcber vielseitige F\u00e4higkeiten im Bereich <strong data-start=\"229\" data-end=\"274\">Multimedia Design und Softwareentwicklung<\/strong>.<br data-start=\"275\" data-end=\"278\" \/>Meine Schwerpunkte liegen in <strong data-start=\"307\" data-end=\"326\">3D-Modellierung<\/strong>, <strong data-start=\"328\" data-end=\"344\">UI\/UX-Design<\/strong>, <strong data-start=\"346\" data-end=\"389\">interaktiver Entwicklung mit Unity (C#)<\/strong> sowie der Umsetzung von Web- und Multimedia-Projekten.<\/p>\t\t\t\t\t\t\t\t<\/div>\n\t\t\t\t<\/div>\n\t\t<div class=\"elementor-element elementor-element-3bb9f3e9 e-con-full e-flex e-con e-child\" data-id=\"3bb9f3e9\" data-element_type=\"container\">\n\t\t\t\t<div class=\"elementor-element elementor-element-662f1499 elementor-widget elementor-widget-heading\" data-id=\"662f1499\" data-element_type=\"widget\" data-widget_type=\"heading.default\">\n\t\t\t\t\t<h2 class=\"elementor-heading-title elementor-size-default\">Design Skills<\/h2>\t\t\t\t<\/div>\n\t\t\t\t<div class=\"elementor-element elementor-element-d8ef4de elementor-widget elementor-widget-progress\" data-id=\"d8ef4de\" data-element_type=\"widget\" data-widget_type=\"progress.default\">\n\t\t\t\t\t\t\t\t<h6 class=\"elementor-title\" id=\"elementor-progress-bar-d8ef4de\">\n\t\t\t\t3D-Modellierung &amp; Animation (Blender)\t\t\t<\/h6>\n\t\t\n\t\t<div aria-labelledby=\"elementor-progress-bar-d8ef4de\" class=\"elementor-progress-wrapper\" role=\"progressbar\" aria-valuemin=\"0\" aria-valuemax=\"100\" aria-valuenow=\"75\">\n\t\t\t<div class=\"elementor-progress-bar\" data-max=\"75\">\n\t\t\t\t<span class=\"elementor-progress-text\"><\/span>\n\t\t\t\t\t\t\t<\/div>\n\t\t<\/div>\n\t\t\t\t\t\t<\/div>\n\t\t\t\t<div class=\"elementor-element elementor-element-2d491351 elementor-widget elementor-widget-progress\" data-id=\"2d491351\" data-element_type=\"widget\" data-widget_type=\"progress.default\">\n\t\t\t\t\t\t\t\t<h6 class=\"elementor-title\" id=\"elementor-progress-bar-2d491351\">\n\t\t\t\tUI\/UX Design (Figma)\t\t\t<\/h6>\n\t\t\n\t\t<div aria-labelledby=\"elementor-progress-bar-2d491351\" class=\"elementor-progress-wrapper\" role=\"progressbar\" aria-valuemin=\"0\" aria-valuemax=\"100\" aria-valuenow=\"64\">\n\t\t\t<div class=\"elementor-progress-bar\" data-max=\"64\">\n\t\t\t\t<span class=\"elementor-progress-text\"><\/span>\n\t\t\t\t\t\t\t<\/div>\n\t\t<\/div>\n\t\t\t\t\t\t<\/div>\n\t\t\t\t<div class=\"elementor-element elementor-element-38b4e3b8 elementor-widget elementor-widget-progress\" data-id=\"38b4e3b8\" data-element_type=\"widget\" data-widget_type=\"progress.default\">\n\t\t\t\t\t\t\t\t<h6 class=\"elementor-title\" id=\"elementor-progress-bar-38b4e3b8\">\n\t\t\t\tWeb Design\t\t\t<\/h6>\n\t\t\n\t\t<div aria-labelledby=\"elementor-progress-bar-38b4e3b8\" class=\"elementor-progress-wrapper\" role=\"progressbar\" aria-valuemin=\"0\" aria-valuemax=\"100\" aria-valuenow=\"69\">\n\t\t\t<div class=\"elementor-progress-bar\" data-max=\"69\">\n\t\t\t\t<span class=\"elementor-progress-text\"><\/span>\n\t\t\t\t\t\t\t<\/div>\n\t\t<\/div>\n\t\t\t\t\t\t<\/div>\n\t\t\t\t<div class=\"elementor-element elementor-element-7b4b573b elementor-widget elementor-widget-heading\" data-id=\"7b4b573b\" data-element_type=\"widget\" data-widget_type=\"heading.default\">\n\t\t\t\t\t<h2 class=\"elementor-heading-title elementor-size-default\">Development Skills<\/h2>\t\t\t\t<\/div>\n\t\t\t\t<div class=\"elementor-element elementor-element-1785dcd5 elementor-widget elementor-widget-progress\" data-id=\"1785dcd5\" data-element_type=\"widget\" data-widget_type=\"progress.default\">\n\t\t\t\t\t\t\t\t<h6 class=\"elementor-title\" id=\"elementor-progress-bar-1785dcd5\">\n\t\t\t\tUnity (C#)\t\t\t<\/h6>\n\t\t\n\t\t<div aria-labelledby=\"elementor-progress-bar-1785dcd5\" class=\"elementor-progress-wrapper\" role=\"progressbar\" aria-valuemin=\"0\" aria-valuemax=\"100\" aria-valuenow=\"80\">\n\t\t\t<div class=\"elementor-progress-bar\" data-max=\"80\">\n\t\t\t\t<span class=\"elementor-progress-text\"><\/span>\n\t\t\t\t\t\t\t<\/div>\n\t\t<\/div>\n\t\t\t\t\t\t<\/div>\n\t\t\t\t<div class=\"elementor-element elementor-element-13493e7 elementor-widget elementor-widget-progress\" data-id=\"13493e7\" data-element_type=\"widget\" data-widget_type=\"progress.default\">\n\t\t\t\t\t\t\t\t<h6 class=\"elementor-title\" id=\"elementor-progress-bar-13493e7\">\n\t\t\t\tC# \/ .NET Grundlagen\t\t\t<\/h6>\n\t\t\n\t\t<div aria-labelledby=\"elementor-progress-bar-13493e7\" class=\"elementor-progress-wrapper\" role=\"progressbar\" aria-valuemin=\"0\" aria-valuemax=\"100\" aria-valuenow=\"85\">\n\t\t\t<div class=\"elementor-progress-bar\" data-max=\"85\">\n\t\t\t\t<span class=\"elementor-progress-text\"><\/span>\n\t\t\t\t\t\t\t<\/div>\n\t\t<\/div>\n\t\t\t\t\t\t<\/div>\n\t\t\t\t<div class=\"elementor-element elementor-element-6c04bf93 elementor-widget elementor-widget-progress\" data-id=\"6c04bf93\" data-element_type=\"widget\" data-widget_type=\"progress.default\">\n\t\t\t\t\t\t\t\t<h6 class=\"elementor-title\" id=\"elementor-progress-bar-6c04bf93\">\n\t\t\t\tWordPress\t\t\t<\/h6>\n\t\t\n\t\t<div aria-labelledby=\"elementor-progress-bar-6c04bf93\" class=\"elementor-progress-wrapper\" role=\"progressbar\" aria-valuemin=\"0\" aria-valuemax=\"100\" aria-valuenow=\"80\">\n\t\t\t<div class=\"elementor-progress-bar\" data-max=\"80\">\n\t\t\t\t<span class=\"elementor-progress-text\"><\/span>\n\t\t\t\t\t\t\t<\/div>\n\t\t<\/div>\n\t\t\t\t\t\t<\/div>\n\t\t\t\t<div class=\"elementor-element elementor-element-6d43d6f elementor-widget elementor-widget-progress\" data-id=\"6d43d6f\" data-element_type=\"widget\" data-widget_type=\"progress.default\">\n\t\t\t\t\t\t\t\t<h6 class=\"elementor-title\" id=\"elementor-progress-bar-6d43d6f\">\n\t\t\t\tDatenbanken\t\t\t<\/h6>\n\t\t\n\t\t<div aria-labelledby=\"elementor-progress-bar-6d43d6f\" class=\"elementor-progress-wrapper\" role=\"progressbar\" aria-valuemin=\"0\" aria-valuemax=\"100\" aria-valuenow=\"69\">\n\t\t\t<div class=\"elementor-progress-bar\" data-max=\"69\">\n\t\t\t\t<span class=\"elementor-progress-text\"><\/span>\n\t\t\t\t\t\t\t<\/div>\n\t\t<\/div>\n\t\t\t\t\t\t<\/div>\n\t\t\t\t<div class=\"elementor-element elementor-element-41846f99 elementor-widget elementor-widget-progress\" data-id=\"41846f99\" data-element_type=\"widget\" data-widget_type=\"progress.default\">\n\t\t\t\t\t\t\t\t<h6 class=\"elementor-title\" id=\"elementor-progress-bar-41846f99\">\n\t\t\t\tHTML \/ CSS\t\t\t<\/h6>\n\t\t\n\t\t<div aria-labelledby=\"elementor-progress-bar-41846f99\" class=\"elementor-progress-wrapper\" role=\"progressbar\" aria-valuemin=\"0\" aria-valuemax=\"100\" aria-valuenow=\"64\">\n\t\t\t<div class=\"elementor-progress-bar\" data-max=\"64\">\n\t\t\t\t<span class=\"elementor-progress-text\"><\/span>\n\t\t\t\t\t\t\t<\/div>\n\t\t<\/div>\n\t\t\t\t\t\t<\/div>\n\t\t\t\t<\/div>\n\t\t\t\t<\/div>\n\t\t<div class=\"elementor-element elementor-element-69e265d0 e-con-full e-flex e-con e-child\" data-id=\"69e265d0\" data-element_type=\"container\">\n\t\t\t\t<div class=\"elementor-element elementor-element-682e1356 elementor-view-framed elementor-widget__width-auto elementor-shape-circle elementor-position-block-start elementor-mobile-position-block-start elementor-invisible elementor-widget elementor-widget-icon-box\" data-id=\"682e1356\" data-element_type=\"widget\" data-settings=\"{&quot;_animation&quot;:&quot;fadeIn&quot;,&quot;_animation_delay&quot;:&quot;2000&quot;}\" data-widget_type=\"icon-box.default\">\n\t\t\t\t\t\t\t<div class=\"elementor-icon-box-wrapper\">\n\n\t\t\t\t\t\t<div class=\"elementor-icon-box-icon\">\n\t\t\t\t<a href=\"https:\/\/davidli.info\/?page_id=74\" class=\"elementor-icon\" tabindex=\"-1\">\n\t\t\t\t<svg aria-hidden=\"true\" class=\"e-font-icon-svg e-fas-angle-right\" viewBox=\"0 0 256 512\" xmlns=\"http:\/\/www.w3.org\/2000\/svg\"><path d=\"M224.3 273l-136 136c-9.4 9.4-24.6 9.4-33.9 0l-22.6-22.6c-9.4-9.4-9.4-24.6 0-33.9l96.4-96.4-96.4-96.4c-9.4-9.4-9.4-24.6 0-33.9L54.3 103c9.4-9.4 24.6-9.4 33.9 0l136 136c9.5 9.4 9.5 24.6.1 34z\"><\/path><\/svg>\t\t\t\t<\/a>\n\t\t\t<\/div>\n\t\t\t\n\t\t\t\n\t\t<\/div>\n\t\t\t\t\t\t<\/div>\n\t\t\t\t<\/div>\n\t\t\t\t\t<\/div>\n\t\t\t\t<\/div>\n\t\t\t\t<\/div>\n\t\t","protected":false},"excerpt":{"rendered":"<p>(05) Skills Ich verf\u00fcge \u00fcber vielseitige F\u00e4higkeiten im Bereich Multimedia Design und Softwareentwicklung.Meine Schwerpunkte liegen in 3D-Modellierung, UI\/UX-Design, interaktiver Entwicklung mit Unity (C#) sowie der Umsetzung von Web- und Multimedia-Projekten. Design Skills 3D-Modellierung &amp; Animation (Blender) UI\/UX Design (Figma) Web Design Development Skills Unity (C#) C# \/ .NET Grundlagen WordPress Datenbanken HTML \/ CSS<\/p>\n","protected":false},"author":1,"featured_media":89,"parent":0,"menu_order":0,"comment_status":"closed","ping_status":"closed","template":"elementor_header_footer","meta":{"_kad_post_transparent":"","_kad_post_title":"","_kad_post_layout":"","_kad_post_sidebar_id":"","_kad_post_content_style":"","_kad_post_vertical_padding":"","_kad_post_feature":"","_kad_post_feature_position":"","_kad_post_header":false,"_kad_post_footer":false,"_kad_post_classname":"","footnotes":""},"class_list":["post-86","page","type-page","status-publish","has-post-thumbnail","hentry"],"_links":{"self":[{"href":"https:\/\/davidli.info\/index.php?rest_route=\/wp\/v2\/pages\/86","targetHints":{"allow":["GET"]}}],"collection":[{"href":"https:\/\/davidli.info\/index.php?rest_route=\/wp\/v2\/pages"}],"about":[{"href":"https:\/\/davidli.info\/index.php?rest_route=\/wp\/v2\/types\/page"}],"author":[{"embeddable":true,"href":"https:\/\/davidli.info\/index.php?rest_route=\/wp\/v2\/users\/1"}],"replies":[{"embeddable":true,"href":"https:\/\/davidli.info\/index.php?rest_route=%2Fwp%2Fv2%2Fcomments&post=86"}],"version-history":[{"count":22,"href":"https:\/\/davidli.info\/index.php?rest_route=\/wp\/v2\/pages\/86\/revisions"}],"predecessor-version":[{"id":586,"href":"https:\/\/davidli.info\/index.php?rest_route=\/wp\/v2\/pages\/86\/revisions\/586"}],"wp:featuredmedia":[{"embeddable":true,"href":"https:\/\/davidli.info\/index.php?rest_route=\/wp\/v2\/media\/89"}],"wp:attachment":[{"href":"https:\/\/davidli.info\/index.php?rest_route=%2Fwp%2Fv2%2Fmedia&parent=86"}],"curies":[{"name":"wp","href":"https:\/\/api.w.org\/{rel}","templated":true}]}}